{"id":98,"date":"2015-08-29T00:27:08","date_gmt":"2015-08-28T22:27:08","guid":{"rendered":"https:\/\/www.bienaleneodvisneilustracije.com\/2021\/?page_id=98"},"modified":"2021-09-21T13:52:45","modified_gmt":"2021-09-21T11:52:45","slug":"bienale","status":"publish","type":"page","link":"https:\/\/www.bienaleneodvisneilustracije.com\/2021\/bienale\/","title":{"rendered":"O bienalu"},"content":{"rendered":"<div class=\"entry-content\">\n<h2 style=\"text-align: center;\">PRVI PROMOTOR SODOBNE SLOVENSKE NEODVISNE ILUSTRACIJE, NJENIH USTVARJALCEV IN KONTEKSTOV.<\/h2>\n<p>Bienale neodvisnih s polnim nazivom Bienale slovenske neodvisne ilustracije je periodi\u010dni dogodek, ki raziskuje podro\u010dja in kontekste sodobne ilustracije. Leta 2007 je bil ustvarjen za namen podpore in promocije mladih slovenskih ustvarjalcev, ki delujejo na prese\u010di\u0161\u010dih med oblikovanjem, umetnostjo in ilustracijo.<\/p>\n<p>Platforma je edinstvena zaradi posebnega izbora avtorjev \u2013 avtorji predhodnega bienala prevzamejo vlogo kuratorjev za naslednji bienale in po svoji lastni presoji izberejo svoje naslednike, kar podpira \u0161irok horizontalni nabor avtorjev razli\u010dnih praks in vizualnega opusa. Ker so projekti avtorjev popolnoma necenzurirani in sledijo manifestu Bienala neodvisnih, se spodbuja najve\u010dja neodvisnost in avtonomija avtorskih del.<\/p>\n<p>V letu 2021 se tako predstavlja 8. Bienale neodvisnih (8th Independent Biennial) na razli\u010dnih lokacijah po Ljubljani.<\/p>\n<p>Se vidimo! \u2764<\/p>\n<\/div>\n<p style=\"text-align: center;\">***<\/p>\n<p><strong>NOSILEC VSEBINE IN PROJEKTA: DRU\u0160TVO TRETAROKA<\/strong><\/p>\n<p>TRETAROKA\u00a0je organizacija, ki jo je formirala skupina ustvarjalnih posameznikov. Zanimajo jo dru\u017ebeno anga\u017eirani projekti, ki jih prevzemamo odgovorno, vendar polna idealizma, saj je prepri\u010dana, da so civilne iniciative pomemben element pri prepre\u010devanju uniformnosti in spodbujanju pestrosti. Tretaroka izhaja iz oblikovalsko\/umetni\u0161kih in kulturolo\u0161kih podro\u010dij ter se usmerja v povezovanje z drugimi praksami.<\/p>\n<p>Za ohranjanje \u017eivljenjskega okolja in ustvarjanje bolj\u0161ih pogojev za bivanje, je potrebna sprememba mi\u0161ljenja in vrednostnega sistema, zato si prizadeva aktivno povezati razli\u010dne nivoje v dru\u017ebi. Tretaroka se je od za\u010detka leta 2005, poleg \u0161tevilnih kooperacijskih projektov, usmerila predvsem v dru\u017ebeno kriti\u010dne in druge izobra\u017eevalne platforme, ki osvetljujejo, razvijajo in povezujejo znotraj tem, ki vplivajo na kreativno in drugo klimo v slovenskem okolju. V skupnih sodelovanjih tako podpiramo odprte platforme za izmenjavo znanj, ustvarjalne in kolaborativne projekte, in projekte povezovalne narave.<\/p>\n<p>Ves \u010das svojega obstoja se fokusira na povezovanje z mednarodnim prostorom in v zadnjih letih dobro sodeluje z Univerzo Aalto iz Helsinkov pri realizaciji razli\u010dnih eksperimentalnih projektov (Face2Face, Marmelada, Emotivno okno, Design Biotop). V slovenskem okolju se povezujemo z razli\u010dnimi mediji in organizacijami (Ljudmilo, Kinom \u0160i\u0161ka, ALUO, javno agencijo SPIRIT, MAO, Ministrstvom za Kulturo in Ministrstvom za gospodarski razvoj in tehnologijo, galerijami, javnimi prostori, podjetji, posamezniki\u2026).<\/p>\n","protected":false},"excerpt":{"rendered":"<p>PRVI PROMOTOR SODOBNE SLOVENSKE NEODVISNE ILUSTRACIJE, NJENIH USTVARJALCEV IN KONTEKSTOV. Bienale neodvisnih s polnim nazivom Bienale slovenske neodvisne ilustracije je periodi\u010dni dogodek, ki raziskuje podro\u010dja in kontekste sodobne ilustracije. Leta 2007 je bil ustvarjen za namen podpore in promocije mladih slovenskih ustvarjalcev, ki delujejo na prese\u010di\u0161\u010dih med oblikovanjem, umetnostjo in ilustracijo. Platforma je edinstvena zaradi [&hellip;]<\/p>\n","protected":false},"author":1,"featured_media":0,"parent":0,"menu_order":4,"comment_status":"closed","ping_status":"closed","template":"","meta":[],"_links":{"self":[{"href":"https:\/\/www.bienaleneodvisneilustracije.com\/2021\/wp-json\/wp\/v2\/pages\/98"}],"collection":[{"href":"https:\/\/www.bienaleneodvisneilustracije.com\/2021\/wp-json\/wp\/v2\/pages"}],"about":[{"href":"https:\/\/www.bienaleneodvisneilustracije.com\/2021\/wp-json\/wp\/v2\/types\/page"}],"author":[{"embeddable":true,"href":"https:\/\/www.bienaleneodvisneilustracije.com\/2021\/wp-json\/wp\/v2\/users\/1"}],"replies":[{"embeddable":true,"href":"https:\/\/www.bienaleneodvisneilustracije.com\/2021\/wp-json\/wp\/v2\/comments?post=98"}],"version-history":[{"count":10,"href":"https:\/\/www.bienaleneodvisneilustracije.com\/2021\/wp-json\/wp\/v2\/pages\/98\/revisions"}],"predecessor-version":[{"id":950,"href":"https:\/\/www.bienaleneodvisneilustracije.com\/2021\/wp-json\/wp\/v2\/pages\/98\/revisions\/950"}],"wp:attachment":[{"href":"https:\/\/www.bienaleneodvisneilustracije.com\/2021\/wp-json\/wp\/v2\/media?parent=98"}],"curies":[{"name":"wp","href":"https:\/\/api.w.org\/{rel}","templated":true}]}}